{"id":802,"date":"2024-01-24T11:48:16","date_gmt":"2024-01-24T11:48:16","guid":{"rendered":"https:\/\/taeki.pineapple.is\/?page_id=802"},"modified":"2026-04-13T13:54:05","modified_gmt":"2026-04-13T13:54:05","slug":"leiguskilmalar","status":"publish","type":"page","link":"https:\/\/taeki.is\/en\/terms-and-conditions\/","title":{"rendered":"Terms &amp; Conditions"},"content":{"rendered":"<div data-elementor-type=\"wp-page\" data-elementor-id=\"802\" class=\"elementor elementor-802\" data-elementor-post-type=\"page\">\n\t\t\t\t\t\t\t<div class=\"elementor-element elementor-element-c99ebbc e-flex e-con-boxed e-con e-parent\" data-id=\"c99ebbc\" data-element_type=\"container\" data-settings=\"{&quot;content_width&quot;:&quot;boxed&quot;,&quot;_ob_use_container_extras&quot;:&quot;no&quot;,&quot;_ob_column_hoveranimator&quot;:&quot;no&quot;,&quot;_ob_glider_is_slider&quot;:&quot;no&quot;,&quot;_ob_column_has_pseudo&quot;:&quot;no&quot;}\" data-core-v316-plus=\"true\">\n\t\t\t\t\t<div class=\"e-con-inner\">\n\t\t<div class=\"elementor-element elementor-element-77cb983 e-flex e-con-boxed e-con e-child\" data-id=\"77cb983\" data-element_type=\"container\" data-settings=\"{&quot;content_width&quot;:&quot;boxed&quot;,&quot;_ob_use_container_extras&quot;:&quot;no&quot;,&quot;_ob_column_hoveranimator&quot;:&quot;no&quot;,&quot;_ob_glider_is_slider&quot;:&quot;no&quot;,&quot;_ob_column_has_pseudo&quot;:&quot;no&quot;}\">\n\t\t\t\t\t<div class=\"e-con-inner\">\n\t\t<div class=\"elementor-element elementor-element-3602906 e-flex e-con-boxed e-con e-child\" data-id=\"3602906\" data-element_type=\"container\" data-settings=\"{&quot;background_background&quot;:&quot;classic&quot;,&quot;content_width&quot;:&quot;boxed&quot;,&quot;_ob_use_container_extras&quot;:&quot;no&quot;,&quot;_ob_column_hoveranimator&quot;:&quot;no&quot;,&quot;_ob_glider_is_slider&quot;:&quot;no&quot;,&quot;_ob_column_has_pseudo&quot;:&quot;no&quot;}\">\n\t\t\t\t\t<div class=\"e-con-inner\">\n\t\t\t\t<div class=\"elementor-element elementor-element-aca6661 ob-harakiri-inherit ob-has-background-overlay elementor-widget elementor-widget-heading\" data-id=\"aca6661\" data-element_type=\"widget\" data-settings=\"{&quot;_ob_use_harakiri&quot;:&quot;yes&quot;,&quot;_ob_harakiri_writing_mode&quot;:&quot;inherit&quot;,&quot;_ob_harakiri_text_clip&quot;:&quot;none&quot;,&quot;_ob_perspektive_use&quot;:&quot;no&quot;,&quot;_ob_poopart_use&quot;:&quot;yes&quot;,&quot;_ob_shadough_use&quot;:&quot;no&quot;,&quot;_ob_allow_hoveranimator&quot;:&quot;no&quot;,&quot;_ob_widget_stalker_use&quot;:&quot;no&quot;}\" data-widget_type=\"heading.default\">\n\t\t\t\t<div class=\"elementor-widget-container\">\n\t\t\t<style>\/*! elementor - v3.18.0 - 08-12-2023 *\/\n.elementor-heading-title{padding:0;margin:0;line-height:1}.elementor-widget-heading .elementor-heading-title[class*=elementor-size-]>a{color:inherit;font-size:inherit;line-height:inherit}.elementor-widget-heading .elementor-heading-title.elementor-size-small{font-size:15px}.elementor-widget-heading .elementor-heading-title.elementor-size-medium{font-size:19px}.elementor-widget-heading .elementor-heading-title.elementor-size-large{font-size:29px}.elementor-widget-heading .elementor-heading-title.elementor-size-xl{font-size:39px}.elementor-widget-heading .elementor-heading-title.elementor-size-xxl{font-size:59px}<\/style><h2 class=\"elementor-heading-title elementor-size-default\">Terms &amp; Conditions<\/h2>\t\t<\/div>\n\t\t\t\t<\/div>\n\t\t\t\t<div class=\"elementor-element elementor-element-434db73 ob-harakiri-inherit ob-has-background-overlay elementor-widget elementor-widget-text-editor\" data-id=\"434db73\" data-element_type=\"widget\" data-settings=\"{&quot;_ob_use_harakiri&quot;:&quot;yes&quot;,&quot;_ob_harakiri_writing_mode&quot;:&quot;inherit&quot;,&quot;_ob_postman_use&quot;:&quot;no&quot;,&quot;_ob_perspektive_use&quot;:&quot;no&quot;,&quot;_ob_poopart_use&quot;:&quot;yes&quot;,&quot;_ob_shadough_use&quot;:&quot;no&quot;,&quot;_ob_allow_hoveranimator&quot;:&quot;no&quot;,&quot;_ob_widget_stalker_use&quot;:&quot;no&quot;}\" data-widget_type=\"text-editor.default\">\n\t\t\t\t<div class=\"elementor-widget-container\">\n\t\t\t<style>\/*! elementor - v3.18.0 - 08-12-2023 *\/\n.elementor-widget-text-editor.elementor-drop-cap-view-stacked .elementor-drop-cap{background-color:#69727d;color:#fff}.elementor-widget-text-editor.elementor-drop-cap-view-framed .elementor-drop-cap{color:#69727d;border:3px solid;background-color:transparent}.elementor-widget-text-editor:not(.elementor-drop-cap-view-default) .elementor-drop-cap{margin-top:8px}.elementor-widget-text-editor:not(.elementor-drop-cap-view-default) .elementor-drop-cap-letter{width:1em;height:1em}.elementor-widget-text-editor .elementor-drop-cap{float:left;text-align:center;line-height:1;font-size:50px}.elementor-widget-text-editor .elementor-drop-cap-letter{display:inline-block}<\/style>\t\t\t\t<p><strong>1. \u00c1stand vi\u00f0 afhendingu og m\u00f3tt\u00f6ku<\/strong><br \/>\u2022 T\u00e6ki og fylgihlutir eru afhentir leigutaka \u00ed fulln\u00e6gjandi, hreinu og notkunarh\u00e6fu \u00e1standi.\u2022 Leigutaki skal yfirfara t\u00e6ki\u00f0 vi\u00f0 m\u00f3tt\u00f6ku og tilkynna tafarlaust um hugsanlega galla e\u00f0a flutningsskemmdir.<br \/>\u2022 Kvartanir sem berast eftir fyrsta virka leigudag hafa ekki lagalegt gildi og telst t\u00e6ki\u00f0 \u00fe\u00e1 afhent \u00ed g\u00f3\u00f0u \u00e1standi.<\/p><p><strong>2. Notkun og sta\u00f0setning<\/strong><br \/>\u2022 Leigutaki skal nota t\u00e6ki\u00f0 \u00e1 \u00e1byrgan h\u00e1tt og \u00ed samr\u00e6mi vi\u00f0 \u00f6ryggissta\u00f0la og regluger\u00f0ir um vinnuvernd.<br \/>\u2022 Einungis h\u00e6fir a\u00f0ilar me\u00f0 tilskilin r\u00e9ttindi mega stj\u00f3rna t\u00e6kinu.<br \/>\u2022 \u00d3heimilt er a\u00f0 flytja t\u00e6ki\u00f0 af ums\u00f6mdum vinnusta\u00f0 e\u00f0a framleigja \u00fea\u00f0 \u00e1n skriflegs sam\u00feykkis leigusala.<\/p><p><strong>3. Rekstur og daglegt vi\u00f0hald<\/strong><br \/>\u2022 Leigutaki ber \u00e1byrg\u00f0 \u00e1 daglegu eftirliti og vi\u00f0haldi, svo sem a\u00f0 athuga st\u00f6\u00f0u \u00e1 ol\u00edu, k\u00e6liv\u00f6kva og rafgeymavatni, auk smurningar og hle\u00f0slu.<br \/>\u2022 Einungis m\u00e1 nota efni (ol\u00edu, eldsneyti o.fl.) sem leigusali v\u00edsar til.<br \/>\u2022 Leigutaka er me\u00f0 \u00f6llu \u00f3heimilt a\u00f0 gera breytingar e\u00f0a vi\u00f0ger\u00f0ir \u00e1 t\u00e6kinu sj\u00e1lfur.<\/p><p><strong>4. \u00c1byrg\u00f0, tj\u00f3n og tryggingar (Damage Waiver)<\/strong><br \/>\u2022 Leigutaki ber fulla \u00e1byrg\u00f0 \u00e1 \u00f6llu tj\u00f3ni sem ver\u00f0ur \u00e1 t\u00e6kinu \u00e1 leigut\u00edmanum.<\/p><p><strong>5. Takm\u00f6rkun \u00e1byrg\u00f0ar leigusala<\/strong><br \/>\u2022 Leigusali ber enga \u00e1byrg\u00f0 \u00e1 rekstrartapi, hagna\u00f0armissi e\u00f0a \u00f6\u00f0ru afleiddu tj\u00f3ni, \u00f3h\u00e1\u00f0 \u00fev\u00ed hvort \u00fea\u00f0 tengist bilun \u00e1 t\u00e6kinu.<br \/>\u2022 Leigusali ber ekki \u00e1byrg\u00f0 \u00e1 skemmdum \u00e1 undirlagi, a\u00f0komuvegum e\u00f0a ne\u00f0anjar\u00f0arl\u00f6gnum \u00e1 vinnusv\u00e6\u00f0i.<\/p><p><strong>6. Leigut\u00edmi, afhending og flutningur<\/strong><br \/>\u2022 Leigut\u00edmi hefst \u00feegar t\u00e6ki er gert a\u00f0gengilegt fyrir leigutaka og l\u00fdkur \u00feegar afskr\u00e1ning (off-hire) hefur \u00e1tt s\u00e9r sta\u00f0.<br \/>\u2022 Leigutaki grei\u00f0ir allan flutningskostna\u00f0.<br \/>\u2022 Vi\u00f0 skil skal t\u00e6ki vera a\u00f0gengilegt fyrir flutningab\u00edl og me\u00f0 n\u00e6gan straum e\u00f0a eldsneyti til a\u00f0 h\u00e6gt s\u00e9 a\u00f0 hla\u00f0a \u00fev\u00ed \u00e1 flutningab\u00edl. S\u00e9 t\u00e6ki ekki a\u00f0gengilegt reiknast leiga \u00fear til \u00far \u00fev\u00ed er b\u00e6tt.<\/p><p><strong>7. Eldsneyti, hle\u00f0sla og \u00ferif<\/strong><br \/>\u2022 Leigutaki skal skila t\u00e6kinu me\u00f0 fullan eldsneytistank.<br \/>\u2022 S\u00e9 t\u00e6kinu skila\u00f0 me\u00f0 v\u00f6ntun \u00e1 eldsneyti ver\u00f0ur rukka\u00f0 fyrir \u00e1fyllingu samkv\u00e6mt ver\u00f0skr\u00e1 leigusala.<br \/>\u2022 Fyrir rafdrifin t\u00e6ki er innheimt s\u00e9rstakt hle\u00f0slugjald.<br \/>\u2022 T\u00e6ki skal skila\u00f0 \u00ed sama \u00e1standi og \u00fea\u00f0 var m\u00f3tteki\u00f0. Ef \u00fe\u00f6rf er \u00e1 \u00ferifum ver\u00f0ur \u00fea\u00f0 rukka\u00f0 s\u00e9rstaklega samkv\u00e6mt ver\u00f0skr\u00e1 leigusala.<\/p><p><strong>8. Notkunarm\u00e6lingar og helgar<\/strong><br \/>\u2022 Leigusali fylgist me\u00f0 notkun t\u00e6kja me\u00f0 sta\u00f0setningar- og notkunarb\u00fana\u00f0i.<br \/>\u2022 Leiga mi\u00f0ast vi\u00f0 10 klst. notkun \u00e1 virkum degi.<br \/>\u2022 Ef t\u00e6ki er nota\u00f0 um helgar e\u00f0a helgidaga teljast \u00feeir dagar sem fullir leigudagur og er rukka\u00f0 fyrir \u00fea\u00f0 s\u00e9rstaklega.<br \/>\u2022 Notkun allt a\u00f0 20 m\u00edn\u00fatur \u00e1 dag um helgar telst e\u00f0lileg tilf\u00e6rsla og er ekki gjaldf\u00e6r\u00f0.<\/p><p><strong>9. Grei\u00f0sluskilm\u00e1lar<\/strong><br \/>\u2022 Reikningar skulu greiddir innan 10 daga fr\u00e1 \u00fatg\u00e1fu.<br \/>\u2022 Vi\u00f0 vanskil reiknast h\u00e1marks leyfilegir dr\u00e1ttavextir.<br \/>\u2022 \u00c1greiningur um einstaka li\u00f0i reiknings heimilar leigutaka ekki a\u00f0 fresta grei\u00f0slu \u00e1 \u00f6\u00f0rum hlutum hans.<\/p><p><strong>10. Vanefndir og eftirlit<\/strong><br \/>\u2022 Leigusali hefur \u00f3takmarka\u00f0an a\u00f0gang a\u00f0 t\u00e6kinu til eftirlits \u00e1 leigut\u00edmanum.<br \/>\u2022 Vi\u00f0 vanskil e\u00f0a \u00f6nnur brot \u00e1 skilm\u00e1lum getur leigusali rift samningnum fyrirvaralaust og s\u00f3tt t\u00e6ki\u00f0 \u00e1 kostna\u00f0 leigutaka.<\/p>\t\t\t\t\t\t<\/div>\n\t\t\t\t<\/div>\n\t\t\t\t\t<\/div>\n\t\t\t\t<\/div>\n\t\t\t\t\t<\/div>\n\t\t\t\t<\/div>\n\t\t\t\t\t<\/div>\n\t\t\t\t<\/div>\n\t\t\t\t\t\t\t<\/div>","protected":false},"excerpt":{"rendered":"<p>Leiguskilm\u00e1lar 1. \u00c1stand vi\u00f0 afhendingu og m\u00f3tt\u00f6ku\u2022 T\u00e6ki og fylgihlutir eru afhentir leigutaka \u00ed fulln\u00e6gjandi, hreinu og notkunarh\u00e6fu \u00e1standi.\u2022 Leigutaki skal yfirfara t\u00e6ki\u00f0 vi\u00f0 m\u00f3tt\u00f6ku og tilkynna tafarlaust um hugsanlega galla e\u00f0a flutningsskemmdir.\u2022 Kvartanir sem berast eftir fyrsta virka leigudag hafa ekki lagalegt gildi og telst t\u00e6ki\u00f0 \u00fe\u00e1 afhent \u00ed g\u00f3\u00f0u \u00e1standi. 2. Notkun og [&hellip;]<\/p>","protected":false},"author":1,"featured_media":0,"parent":0,"menu_order":0,"comment_status":"closed","ping_status":"closed","template":"elementor_header_footer","meta":{"footnotes":""},"class_list":["post-802","page","type-page","status-publish","hentry"],"_links":{"self":[{"href":"https:\/\/taeki.is\/en\/wp-json\/wp\/v2\/pages\/802","targetHints":{"allow":["GET"]}}],"collection":[{"href":"https:\/\/taeki.is\/en\/wp-json\/wp\/v2\/pages"}],"about":[{"href":"https:\/\/taeki.is\/en\/wp-json\/wp\/v2\/types\/page"}],"author":[{"embeddable":true,"href":"https:\/\/taeki.is\/en\/wp-json\/wp\/v2\/users\/1"}],"replies":[{"embeddable":true,"href":"https:\/\/taeki.is\/en\/wp-json\/wp\/v2\/comments?post=802"}],"version-history":[{"count":7,"href":"https:\/\/taeki.is\/en\/wp-json\/wp\/v2\/pages\/802\/revisions"}],"predecessor-version":[{"id":1993,"href":"https:\/\/taeki.is\/en\/wp-json\/wp\/v2\/pages\/802\/revisions\/1993"}],"wp:attachment":[{"href":"https:\/\/taeki.is\/en\/wp-json\/wp\/v2\/media?parent=802"}],"curies":[{"name":"wp","href":"https:\/\/api.w.org\/{rel}","templated":true}]}}