{"id":1296,"date":"2024-02-01T12:12:46","date_gmt":"2024-02-01T12:12:46","guid":{"rendered":"https:\/\/taeki.pineapple.is\/?post_type=product&#038;p=1296"},"modified":"2024-02-01T12:15:23","modified_gmt":"2024-02-01T12:15:23","slug":"mac3-msp-1300","status":"publish","type":"product","link":"https:\/\/taeki.is\/en\/product\/mac3-msp-1300\/","title":{"rendered":"MAC3 MSP-1300"},"content":{"rendered":"<p>L\u00edtil og me\u00f0f\u00e6rileg loftpressa &#8211; 1300L \u00e1 m\u00edn.<\/p>","protected":false},"excerpt":{"rendered":"<p>L\u00edtil og me\u00f0f\u00e6rileg loftpressa &#8211; 1300L \u00e1 m\u00edn.<\/p>","protected":false},"featured_media":1297,"template":"","meta":[],"product_cat":[28],"product_tag":[],"orkugjafi":[35],"class_list":{"0":"post-1296","1":"product","2":"type-product","3":"status-publish","4":"has-post-thumbnail","6":"product_cat-loftpressur","7":"orkugjafi-diesel","9":"first","10":"instock","11":"shipping-taxable","12":"product-type-simple"},"_links":{"self":[{"href":"https:\/\/taeki.is\/en\/wp-json\/wp\/v2\/product\/1296","targetHints":{"allow":["GET"]}}],"collection":[{"href":"https:\/\/taeki.is\/en\/wp-json\/wp\/v2\/product"}],"about":[{"href":"https:\/\/taeki.is\/en\/wp-json\/wp\/v2\/types\/product"}],"wp:featuredmedia":[{"embeddable":true,"href":"https:\/\/taeki.is\/en\/wp-json\/wp\/v2\/media\/1297"}],"wp:attachment":[{"href":"https:\/\/taeki.is\/en\/wp-json\/wp\/v2\/media?parent=1296"}],"wp:term":[{"taxonomy":"product_cat","embeddable":true,"href":"https:\/\/taeki.is\/en\/wp-json\/wp\/v2\/product_cat?post=1296"},{"taxonomy":"product_tag","embeddable":true,"href":"https:\/\/taeki.is\/en\/wp-json\/wp\/v2\/product_tag?post=1296"},{"taxonomy":"orkugjafi","embeddable":true,"href":"https:\/\/taeki.is\/en\/wp-json\/wp\/v2\/orkugjafi?post=1296"}],"curies":[{"name":"wp","href":"https:\/\/api.w.org\/{rel}","templated":true}]}}