{"id":1307,"date":"2024-02-01T12:20:11","date_gmt":"2024-02-01T12:20:11","guid":{"rendered":"https:\/\/taeki.pineapple.is\/?post_type=product&#038;p=1307"},"modified":"2024-02-01T12:21:22","modified_gmt":"2024-02-01T12:21:22","slug":"mac3-msp-5000","status":"publish","type":"product","link":"https:\/\/taeki.is\/en\/product\/mac3-msp-5000\/","title":{"rendered":"MAC3 MSP-5000"},"content":{"rendered":"<p>\u00d6flugar og afkastamiklar v\u00e9lar \u00ed s\u00ednum flokki. 5.000L \u00e1 m\u00edn.<\/p>","protected":false},"excerpt":{"rendered":"<p>\u00d6flugar og afkastamiklar v\u00e9lar \u00ed s\u00ednum flokki. 5.000L \u00e1 m\u00edn.<\/p>","protected":false},"featured_media":1308,"template":"","meta":[],"product_cat":[28],"product_tag":[],"orkugjafi":[35],"class_list":{"0":"post-1307","1":"product","2":"type-product","3":"status-publish","4":"has-post-thumbnail","6":"product_cat-loftpressur","7":"orkugjafi-diesel","9":"first","10":"instock","11":"shipping-taxable","12":"product-type-simple"},"_links":{"self":[{"href":"https:\/\/taeki.is\/en\/wp-json\/wp\/v2\/product\/1307","targetHints":{"allow":["GET"]}}],"collection":[{"href":"https:\/\/taeki.is\/en\/wp-json\/wp\/v2\/product"}],"about":[{"href":"https:\/\/taeki.is\/en\/wp-json\/wp\/v2\/types\/product"}],"wp:featuredmedia":[{"embeddable":true,"href":"https:\/\/taeki.is\/en\/wp-json\/wp\/v2\/media\/1308"}],"wp:attachment":[{"href":"https:\/\/taeki.is\/en\/wp-json\/wp\/v2\/media?parent=1307"}],"wp:term":[{"taxonomy":"product_cat","embeddable":true,"href":"https:\/\/taeki.is\/en\/wp-json\/wp\/v2\/product_cat?post=1307"},{"taxonomy":"product_tag","embeddable":true,"href":"https:\/\/taeki.is\/en\/wp-json\/wp\/v2\/product_tag?post=1307"},{"taxonomy":"orkugjafi","embeddable":true,"href":"https:\/\/taeki.is\/en\/wp-json\/wp\/v2\/orkugjafi?post=1307"}],"curies":[{"name":"wp","href":"https:\/\/api.w.org\/{rel}","templated":true}]}}