{"id":156,"date":"2023-12-08T16:03:43","date_gmt":"2023-12-08T16:03:43","guid":{"rendered":"https:\/\/taeki.pineapple.is\/?post_type=product&#038;p=156"},"modified":"2024-02-26T14:01:28","modified_gmt":"2024-02-26T14:01:28","slug":"jlg-460-sj","status":"publish","type":"product","link":"https:\/\/taeki.is\/en\/product\/jlg-460-sj\/","title":{"rendered":"JLG 460 SJ"},"content":{"rendered":"<p>\u00deessi v\u00e9l n\u00e6r s\u00e9rstaklega vel \u00fat fr\u00e1 s\u00e9r mi\u00f0a\u00f0 vi\u00f0 st\u00e6r\u00f0arflokk \u00f6flug v\u00e9l en samt nett og me\u00f0f\u00e6rileg.<\/p>","protected":false},"excerpt":{"rendered":"<p>\u00deessi v\u00e9l n\u00e6r s\u00e9rstaklega vel \u00fat fr\u00e1 s\u00e9r mi\u00f0a\u00f0 vi\u00f0 st\u00e6r\u00f0arflokk \u00f6flug v\u00e9l en samt nett og me\u00f0f\u00e6rileg.<\/p>","protected":false},"featured_media":374,"template":"","meta":[],"product_cat":[21],"product_tag":[],"orkugjafi":[35],"class_list":{"0":"post-156","1":"product","2":"type-product","3":"status-publish","4":"has-post-thumbnail","6":"product_cat-spjotlyftur","7":"orkugjafi-diesel","9":"first","10":"instock","11":"shipping-taxable","12":"product-type-simple"},"_links":{"self":[{"href":"https:\/\/taeki.is\/en\/wp-json\/wp\/v2\/product\/156","targetHints":{"allow":["GET"]}}],"collection":[{"href":"https:\/\/taeki.is\/en\/wp-json\/wp\/v2\/product"}],"about":[{"href":"https:\/\/taeki.is\/en\/wp-json\/wp\/v2\/types\/product"}],"wp:featuredmedia":[{"embeddable":true,"href":"https:\/\/taeki.is\/en\/wp-json\/wp\/v2\/media\/374"}],"wp:attachment":[{"href":"https:\/\/taeki.is\/en\/wp-json\/wp\/v2\/media?parent=156"}],"wp:term":[{"taxonomy":"product_cat","embeddable":true,"href":"https:\/\/taeki.is\/en\/wp-json\/wp\/v2\/product_cat?post=156"},{"taxonomy":"product_tag","embeddable":true,"href":"https:\/\/taeki.is\/en\/wp-json\/wp\/v2\/product_tag?post=156"},{"taxonomy":"orkugjafi","embeddable":true,"href":"https:\/\/taeki.is\/en\/wp-json\/wp\/v2\/orkugjafi?post=156"}],"curies":[{"name":"wp","href":"https:\/\/api.w.org\/{rel}","templated":true}]}}