{"id":160,"date":"2023-12-08T16:06:11","date_gmt":"2023-12-08T16:06:11","guid":{"rendered":"https:\/\/taeki.pineapple.is\/?post_type=product&#038;p=160"},"modified":"2024-03-02T07:49:57","modified_gmt":"2024-03-02T07:49:57","slug":"jlg-rt4769","status":"publish","type":"product","link":"https:\/\/taeki.is\/en\/product\/jlg-rt4769\/","title":{"rendered":"JLG RT4769"},"content":{"rendered":"<p>4&#215;4 me\u00f0 l\u00f6ppum til a\u00f0 r\u00e9tta af<\/p>","protected":false},"excerpt":{"rendered":"<p>4&#215;4 me\u00f0 l\u00f6ppum til a\u00f0 r\u00e9tta af<\/p>","protected":false},"featured_media":404,"template":"","meta":[],"product_cat":[22],"product_tag":[],"orkugjafi":[35],"class_list":{"0":"post-160","1":"product","2":"type-product","3":"status-publish","4":"has-post-thumbnail","6":"product_cat-skaeralyftur","7":"orkugjafi-diesel","9":"first","10":"instock","11":"shipping-taxable","12":"product-type-simple"},"_links":{"self":[{"href":"https:\/\/taeki.is\/en\/wp-json\/wp\/v2\/product\/160","targetHints":{"allow":["GET"]}}],"collection":[{"href":"https:\/\/taeki.is\/en\/wp-json\/wp\/v2\/product"}],"about":[{"href":"https:\/\/taeki.is\/en\/wp-json\/wp\/v2\/types\/product"}],"wp:featuredmedia":[{"embeddable":true,"href":"https:\/\/taeki.is\/en\/wp-json\/wp\/v2\/media\/404"}],"wp:attachment":[{"href":"https:\/\/taeki.is\/en\/wp-json\/wp\/v2\/media?parent=160"}],"wp:term":[{"taxonomy":"product_cat","embeddable":true,"href":"https:\/\/taeki.is\/en\/wp-json\/wp\/v2\/product_cat?post=160"},{"taxonomy":"product_tag","embeddable":true,"href":"https:\/\/taeki.is\/en\/wp-json\/wp\/v2\/product_tag?post=160"},{"taxonomy":"orkugjafi","embeddable":true,"href":"https:\/\/taeki.is\/en\/wp-json\/wp\/v2\/orkugjafi?post=160"}],"curies":[{"name":"wp","href":"https:\/\/api.w.org\/{rel}","templated":true}]}}