{"id":1784,"date":"2025-10-01T18:55:18","date_gmt":"2025-10-01T18:55:18","guid":{"rendered":"https:\/\/taeki.is\/?post_type=product&#038;p=1784"},"modified":"2025-10-05T13:28:07","modified_gmt":"2025-10-05T13:28:07","slug":"mac3-msp3000","status":"publish","type":"product","link":"https:\/\/taeki.is\/en\/product\/mac3-msp-3000-mobile-air-compressor\/","title":{"rendered":"MAC3 MSP 3000 Mobile Air Compressor"},"content":{"rendered":"<p data-prosemirror-content-type=\"node\" data-prosemirror-node-name=\"paragraph\" data-prosemirror-node-block=\"true\" data-pm-slice=\"1 1 []\"><strong>APPEARANCE:<\/strong> Good<br data-prosemirror-content-type=\"node\" data-prosemirror-node-name=\"hardBreak\" data-prosemirror-node-inline=\"true\" \/><strong>CONDITION:<\/strong> Good (as new)<br data-prosemirror-content-type=\"node\" data-prosemirror-node-name=\"hardBreak\" data-prosemirror-node-inline=\"true\" \/><strong>OPERATING HOURS:<\/strong> 3<br data-prosemirror-content-type=\"node\" data-prosemirror-node-name=\"hardBreak\" data-prosemirror-node-inline=\"true\" \/><strong>TIRES:<\/strong> New<br data-prosemirror-content-type=\"node\" data-prosemirror-node-name=\"hardBreak\" data-prosemirror-node-inline=\"true\" \/><strong>ACCESSORIES \/ OPTIONS:<\/strong> &#8211;<\/p>\n<p data-prosemirror-content-type=\"node\" data-prosemirror-node-name=\"paragraph\" data-prosemirror-node-block=\"true\"><strong>PRICE:<\/strong> 1,150,000 + VAT<br data-prosemirror-content-type=\"node\" data-prosemirror-node-name=\"hardBreak\" data-prosemirror-node-inline=\"true\" \/><\/p>","protected":false},"excerpt":{"rendered":"<p>\u00daTLIT: Gott\u00c1STAND: gott (sem n\u00fd)NOTKUN T\u00cdMAR: 3DEKK: n\u00fdAUKAB\u00daNA\u00d0UR: &#8211; VER\u00d0: 1.150.000 + vsk<\/p>","protected":false},"featured_media":1786,"template":"","meta":[],"product_cat":[46],"product_tag":[],"orkugjafi":[35],"class_list":{"0":"post-1784","1":"product","2":"type-product","3":"status-publish","4":"has-post-thumbnail","6":"product_cat-solutorg","7":"orkugjafi-diesel","9":"first","10":"instock","11":"sale","12":"shipping-taxable","13":"purchasable","14":"product-type-simple"},"_links":{"self":[{"href":"https:\/\/taeki.is\/en\/wp-json\/wp\/v2\/product\/1784","targetHints":{"allow":["GET"]}}],"collection":[{"href":"https:\/\/taeki.is\/en\/wp-json\/wp\/v2\/product"}],"about":[{"href":"https:\/\/taeki.is\/en\/wp-json\/wp\/v2\/types\/product"}],"wp:featuredmedia":[{"embeddable":true,"href":"https:\/\/taeki.is\/en\/wp-json\/wp\/v2\/media\/1786"}],"wp:attachment":[{"href":"https:\/\/taeki.is\/en\/wp-json\/wp\/v2\/media?parent=1784"}],"wp:term":[{"taxonomy":"product_cat","embeddable":true,"href":"https:\/\/taeki.is\/en\/wp-json\/wp\/v2\/product_cat?post=1784"},{"taxonomy":"product_tag","embeddable":true,"href":"https:\/\/taeki.is\/en\/wp-json\/wp\/v2\/product_tag?post=1784"},{"taxonomy":"orkugjafi","embeddable":true,"href":"https:\/\/taeki.is\/en\/wp-json\/wp\/v2\/orkugjafi?post=1784"}],"curies":[{"name":"wp","href":"https:\/\/api.w.org\/{rel}","templated":true}]}}