{"id":1824,"date":"2025-10-05T13:07:05","date_gmt":"2025-10-05T13:07:05","guid":{"rendered":"https:\/\/taeki.is\/?post_type=product&#038;p=1824"},"modified":"2025-10-05T13:27:36","modified_gmt":"2025-10-05T13:27:36","slug":"mosa-335-kva-rafstod-arg-2024","status":"publish","type":"product","link":"https:\/\/taeki.is\/en\/product\/mosa-335-kva-power-generator-2024\/","title":{"rendered":"Mosa 335 kVA Power Generator (2024)"},"content":{"rendered":"<p data-prosemirror-content-type=\"node\" data-prosemirror-node-name=\"paragraph\" data-prosemirror-node-block=\"true\" data-pm-slice=\"1 1 []\"><strong>APPEARANCE:<\/strong> Like New\u00a0<br data-prosemirror-content-type=\"node\" data-prosemirror-node-name=\"hardBreak\" data-prosemirror-node-inline=\"true\" \/><strong>CONDITION:<\/strong> Like New\u00a0<br data-prosemirror-content-type=\"node\" data-prosemirror-node-name=\"hardBreak\" data-prosemirror-node-inline=\"true\" \/><strong>OPERATING HOURS:<\/strong> 735 h<br data-prosemirror-content-type=\"node\" data-prosemirror-node-name=\"hardBreak\" data-prosemirror-node-inline=\"true\" \/><strong>TIRES:\u00a0<\/strong><br data-prosemirror-content-type=\"node\" data-prosemirror-node-name=\"hardBreak\" data-prosemirror-node-inline=\"true\" \/><strong>ACCESSORIES \/ OPTIONS:<\/strong> Mounted on hook-lift frame \u2013 Plugs: 125A, 63A, 32A<\/p>\n<p data-prosemirror-content-type=\"node\" data-prosemirror-node-name=\"paragraph\" data-prosemirror-node-block=\"true\"><strong>PRICE:<\/strong> 7,900,000 + VAT <br data-prosemirror-content-type=\"node\" data-prosemirror-node-name=\"hardBreak\" data-prosemirror-node-inline=\"true\" \/><strong>NOTE:<\/strong><\/p>","protected":false},"excerpt":{"rendered":"<p>\u00daTLIT: Sem N\u00fd\u00a0\u00c1STAND: Sem n\u00fd\u00a0NOTKUN T\u00cdMAR: 735 tDEKK:\u00a0AUKAB\u00daNA\u00d0UR: kemur \u00e1 kr\u00f3kheysi &#8211;\u00a0 Tenglar 125a , 63a , 32a VER\u00d0: 7.900.000 \u00e1n vsk ATH:<\/p>","protected":false},"featured_media":1825,"template":"","meta":[],"product_cat":[46],"product_tag":[],"orkugjafi":[35],"class_list":{"0":"post-1824","1":"product","2":"type-product","3":"status-publish","4":"has-post-thumbnail","6":"product_cat-solutorg","7":"orkugjafi-diesel","9":"first","10":"instock","11":"sale","12":"shipping-taxable","13":"purchasable","14":"product-type-simple"},"_links":{"self":[{"href":"https:\/\/taeki.is\/en\/wp-json\/wp\/v2\/product\/1824","targetHints":{"allow":["GET"]}}],"collection":[{"href":"https:\/\/taeki.is\/en\/wp-json\/wp\/v2\/product"}],"about":[{"href":"https:\/\/taeki.is\/en\/wp-json\/wp\/v2\/types\/product"}],"wp:featuredmedia":[{"embeddable":true,"href":"https:\/\/taeki.is\/en\/wp-json\/wp\/v2\/media\/1825"}],"wp:attachment":[{"href":"https:\/\/taeki.is\/en\/wp-json\/wp\/v2\/media?parent=1824"}],"wp:term":[{"taxonomy":"product_cat","embeddable":true,"href":"https:\/\/taeki.is\/en\/wp-json\/wp\/v2\/product_cat?post=1824"},{"taxonomy":"product_tag","embeddable":true,"href":"https:\/\/taeki.is\/en\/wp-json\/wp\/v2\/product_tag?post=1824"},{"taxonomy":"orkugjafi","embeddable":true,"href":"https:\/\/taeki.is\/en\/wp-json\/wp\/v2\/orkugjafi?post=1824"}],"curies":[{"name":"wp","href":"https:\/\/api.w.org\/{rel}","templated":true}]}}