{"id":1838,"date":"2025-10-05T13:40:08","date_gmt":"2025-10-05T13:40:08","guid":{"rendered":"https:\/\/taeki.is\/?post_type=product&#038;p=1838"},"modified":"2025-10-05T13:49:58","modified_gmt":"2025-10-05T13:49:58","slug":"mac3-sandblasturs-silo-nytt","status":"publish","type":"product","link":"https:\/\/taeki.is\/en\/product\/mac3-s70-sandblaster\/","title":{"rendered":"MAC3 S70 Sandblaster"},"content":{"rendered":"<div dir=\"auto\">\n<p><strong>\u00a0Silo only:<\/strong> 630,000 + VAT<\/p>\n<\/div>\n<div dir=\"auto\"><strong>Respirator helmet:<\/strong> 122,000 + VAT<\/div>\n<div dir=\"auto\"><\/div>\n<div dir=\"auto\"><strong>Hose:<\/strong> 31,000 + VAT<\/div>\n<div dir=\"auto\"><\/div>\n<div dir=\"auto\"><strong>Nozzle 8 mm:<\/strong> 22,000 + VAT<\/div>\n<div dir=\"auto\"><\/div>\n<div dir=\"auto\"><strong>Full bundle price \/ Complete package: <\/strong>790,000 + VAT<\/div>","protected":false},"excerpt":{"rendered":"<p>\u00a0S\u00edl\u00f3 stakt: 630.000 + vsk Hj\u00e1lmur me\u00f0 \u00f6ndun: 122.000 + vsk Slanga: 31.000 + vsk Sp\u00edss 8 m\/m : 22.000 + vsk Allt saman \u00ed pakka: 790.000 + vsk<\/p>","protected":false},"featured_media":1839,"template":"","meta":[],"product_cat":[46],"product_tag":[],"orkugjafi":[],"class_list":{"0":"post-1838","1":"product","2":"type-product","3":"status-publish","4":"has-post-thumbnail","6":"product_cat-solutorg","8":"first","9":"instock","10":"sale","11":"shipping-taxable","12":"purchasable","13":"product-type-simple"},"_links":{"self":[{"href":"https:\/\/taeki.is\/en\/wp-json\/wp\/v2\/product\/1838","targetHints":{"allow":["GET"]}}],"collection":[{"href":"https:\/\/taeki.is\/en\/wp-json\/wp\/v2\/product"}],"about":[{"href":"https:\/\/taeki.is\/en\/wp-json\/wp\/v2\/types\/product"}],"wp:featuredmedia":[{"embeddable":true,"href":"https:\/\/taeki.is\/en\/wp-json\/wp\/v2\/media\/1839"}],"wp:attachment":[{"href":"https:\/\/taeki.is\/en\/wp-json\/wp\/v2\/media?parent=1838"}],"wp:term":[{"taxonomy":"product_cat","embeddable":true,"href":"https:\/\/taeki.is\/en\/wp-json\/wp\/v2\/product_cat?post=1838"},{"taxonomy":"product_tag","embeddable":true,"href":"https:\/\/taeki.is\/en\/wp-json\/wp\/v2\/product_tag?post=1838"},{"taxonomy":"orkugjafi","embeddable":true,"href":"https:\/\/taeki.is\/en\/wp-json\/wp\/v2\/orkugjafi?post=1838"}],"curies":[{"name":"wp","href":"https:\/\/api.w.org\/{rel}","templated":true}]}}