{"id":1845,"date":"2025-10-05T13:55:23","date_gmt":"2025-10-05T13:55:23","guid":{"rendered":"https:\/\/taeki.is\/?post_type=product&#038;p=1845"},"modified":"2025-10-05T13:58:12","modified_gmt":"2025-10-05T13:58:12","slug":"nifty-170-arg-2018","status":"publish","type":"product","link":"https:\/\/taeki.is\/en\/product\/nifty-lift-170-2018\/","title":{"rendered":"Nifty Lift 170 (2018)"},"content":{"rendered":"<p data-prosemirror-content-type=\"node\" data-prosemirror-node-name=\"paragraph\" data-prosemirror-node-block=\"true\" data-pm-slice=\"1 1 []\"><strong>APPEARANCE:<\/strong>\u00a0Good<br data-prosemirror-content-type=\"node\" data-prosemirror-node-name=\"hardBreak\" data-prosemirror-node-inline=\"true\" \/><strong>CONDITION:<\/strong>\u00a0Fair \/ Operational\u00a0<br data-prosemirror-content-type=\"node\" data-prosemirror-node-name=\"hardBreak\" data-prosemirror-node-inline=\"true\" \/><strong>TIRES:<\/strong>\u00a0Good<br data-prosemirror-content-type=\"node\" data-prosemirror-node-name=\"hardBreak\" data-prosemirror-node-inline=\"true\" \/><strong>ACCESSORIES<\/strong>:<\/p>\n<p data-prosemirror-content-type=\"node\" data-prosemirror-node-name=\"paragraph\" data-prosemirror-node-block=\"true\"><strong>PRICE:<\/strong> 3,850,000 + VAT<\/p>","protected":false},"excerpt":{"rendered":"<p>\u00daTLIT:\u00a0Gott\u00c1STAND:\u00a0\u00cd Lagi\u00a0DEKK:\u00a0G\u00f3\u00f0AUKAB\u00daNA\u00d0UR: VER\u00d0: 3.850.000\u00a0\u00e1n vsk<\/p>","protected":false},"featured_media":1846,"template":"","meta":[],"product_cat":[46],"product_tag":[],"orkugjafi":[36],"class_list":{"0":"post-1845","1":"product","2":"type-product","3":"status-publish","4":"has-post-thumbnail","6":"product_cat-solutorg","7":"orkugjafi-rafmagn","9":"first","10":"instock","11":"sale","12":"shipping-taxable","13":"purchasable","14":"product-type-simple"},"_links":{"self":[{"href":"https:\/\/taeki.is\/en\/wp-json\/wp\/v2\/product\/1845","targetHints":{"allow":["GET"]}}],"collection":[{"href":"https:\/\/taeki.is\/en\/wp-json\/wp\/v2\/product"}],"about":[{"href":"https:\/\/taeki.is\/en\/wp-json\/wp\/v2\/types\/product"}],"wp:featuredmedia":[{"embeddable":true,"href":"https:\/\/taeki.is\/en\/wp-json\/wp\/v2\/media\/1846"}],"wp:attachment":[{"href":"https:\/\/taeki.is\/en\/wp-json\/wp\/v2\/media?parent=1845"}],"wp:term":[{"taxonomy":"product_cat","embeddable":true,"href":"https:\/\/taeki.is\/en\/wp-json\/wp\/v2\/product_cat?post=1845"},{"taxonomy":"product_tag","embeddable":true,"href":"https:\/\/taeki.is\/en\/wp-json\/wp\/v2\/product_tag?post=1845"},{"taxonomy":"orkugjafi","embeddable":true,"href":"https:\/\/taeki.is\/en\/wp-json\/wp\/v2\/orkugjafi?post=1845"}],"curies":[{"name":"wp","href":"https:\/\/api.w.org\/{rel}","templated":true}]}}