{"id":224,"date":"2023-12-08T22:05:57","date_gmt":"2023-12-08T22:05:57","guid":{"rendered":"https:\/\/taeki.pineapple.is\/?post_type=product&#038;p=224"},"modified":"2024-02-26T14:02:13","modified_gmt":"2024-02-26T14:02:13","slug":"jlg-450aj","status":"publish","type":"product","link":"https:\/\/taeki.is\/en\/product\/jlg-450aj\/","title":{"rendered":"JLG 450 AJ"},"content":{"rendered":"<p>Skemmtileg og n\u00e1kv\u00e6m v\u00e9l sem dr\u00edfur vel \u00ed \u00f3f\u00e6r\u00f0 og einnig mj\u00f6g nett vi\u00f0 \u00fer\u00f6ngar a\u00f0st\u00e6\u00f0ur.<\/p>","protected":false},"excerpt":{"rendered":"<p>Skemmtileg og n\u00e1kv\u00e6m v\u00e9l sem dr\u00edfur vel \u00ed \u00f3f\u00e6r\u00f0 og einnig mj\u00f6g nett vi\u00f0 \u00fer\u00f6ngar a\u00f0st\u00e6\u00f0ur.<\/p>","protected":false},"featured_media":373,"template":"","meta":[],"product_cat":[21],"product_tag":[],"orkugjafi":[35],"class_list":{"0":"post-224","1":"product","2":"type-product","3":"status-publish","4":"has-post-thumbnail","6":"product_cat-spjotlyftur","7":"orkugjafi-diesel","9":"first","10":"instock","11":"shipping-taxable","12":"product-type-simple"},"_links":{"self":[{"href":"https:\/\/taeki.is\/en\/wp-json\/wp\/v2\/product\/224","targetHints":{"allow":["GET"]}}],"collection":[{"href":"https:\/\/taeki.is\/en\/wp-json\/wp\/v2\/product"}],"about":[{"href":"https:\/\/taeki.is\/en\/wp-json\/wp\/v2\/types\/product"}],"wp:featuredmedia":[{"embeddable":true,"href":"https:\/\/taeki.is\/en\/wp-json\/wp\/v2\/media\/373"}],"wp:attachment":[{"href":"https:\/\/taeki.is\/en\/wp-json\/wp\/v2\/media?parent=224"}],"wp:term":[{"taxonomy":"product_cat","embeddable":true,"href":"https:\/\/taeki.is\/en\/wp-json\/wp\/v2\/product_cat?post=224"},{"taxonomy":"product_tag","embeddable":true,"href":"https:\/\/taeki.is\/en\/wp-json\/wp\/v2\/product_tag?post=224"},{"taxonomy":"orkugjafi","embeddable":true,"href":"https:\/\/taeki.is\/en\/wp-json\/wp\/v2\/orkugjafi?post=224"}],"curies":[{"name":"wp","href":"https:\/\/api.w.org\/{rel}","templated":true}]}}