{"id":607,"date":"2024-01-15T14:30:16","date_gmt":"2024-01-15T14:30:16","guid":{"rendered":"https:\/\/taeki.pineapple.is\/?post_type=product&#038;p=607"},"modified":"2026-04-13T13:30:30","modified_gmt":"2026-04-13T13:30:30","slug":"manitou-280tj","status":"publish","type":"product","link":"https:\/\/taeki.is\/en\/product\/manitou-280tj\/","title":{"rendered":"Manitou 280 TJ"},"content":{"rendered":"<p>S\u00e9rstaklega st\u00f6\u00f0ug v\u00e9l me\u00f0 n\u00e1kv\u00e6mar hreyfingar og n\u00e6r vel \u00fat. Fj\u00f3rhj\u00f3last\u00fdr\u00f0 sem hentar vel \u00ed \u00fer\u00f6ngum a\u00f0st\u00e6\u00f0um.<\/p>","protected":false},"excerpt":{"rendered":"<p>S\u00e9rstaklega st\u00f6\u00f0ug v\u00e9l me\u00f0 n\u00e1kv\u00e6mar hreyfingar og n\u00e6r vel \u00fat. Fj\u00f3rhj\u00f3last\u00fdr\u00f0 sem hentar vel \u00ed \u00fer\u00f6ngum a\u00f0st\u00e6\u00f0um.<\/p>","protected":false},"featured_media":608,"template":"","meta":[],"product_cat":[21],"product_tag":[],"orkugjafi":[35],"class_list":{"0":"post-607","1":"product","2":"type-product","3":"status-publish","4":"has-post-thumbnail","6":"product_cat-spjotlyftur","7":"orkugjafi-diesel","9":"first","10":"instock","11":"shipping-taxable","12":"product-type-simple"},"_links":{"self":[{"href":"https:\/\/taeki.is\/en\/wp-json\/wp\/v2\/product\/607","targetHints":{"allow":["GET"]}}],"collection":[{"href":"https:\/\/taeki.is\/en\/wp-json\/wp\/v2\/product"}],"about":[{"href":"https:\/\/taeki.is\/en\/wp-json\/wp\/v2\/types\/product"}],"wp:featuredmedia":[{"embeddable":true,"href":"https:\/\/taeki.is\/en\/wp-json\/wp\/v2\/media\/608"}],"wp:attachment":[{"href":"https:\/\/taeki.is\/en\/wp-json\/wp\/v2\/media?parent=607"}],"wp:term":[{"taxonomy":"product_cat","embeddable":true,"href":"https:\/\/taeki.is\/en\/wp-json\/wp\/v2\/product_cat?post=607"},{"taxonomy":"product_tag","embeddable":true,"href":"https:\/\/taeki.is\/en\/wp-json\/wp\/v2\/product_tag?post=607"},{"taxonomy":"orkugjafi","embeddable":true,"href":"https:\/\/taeki.is\/en\/wp-json\/wp\/v2\/orkugjafi?post=607"}],"curies":[{"name":"wp","href":"https:\/\/api.w.org\/{rel}","templated":true}]}}