{"id":618,"date":"2024-01-15T16:13:58","date_gmt":"2024-01-15T16:13:58","guid":{"rendered":"https:\/\/taeki.pineapple.is\/?post_type=product&#038;p=618"},"modified":"2024-01-15T16:13:58","modified_gmt":"2024-01-15T16:13:58","slug":"manitou-mango-12","status":"publish","type":"product","link":"https:\/\/taeki.is\/en\/product\/manitou-mango-12\/","title":{"rendered":"Manitou Mango 12"},"content":{"rendered":"<p>\u00deessi v\u00e9l n\u00e6r vel \u00fat fr\u00e1 s\u00e9r mi\u00f0a\u00f0 vi\u00f0 st\u00e6r\u00f0arflokk. Nett, me\u00f0f\u00e6rileg og l\u00e9tt v\u00e9l.<\/p>","protected":false},"excerpt":{"rendered":"<p>\u00deessi v\u00e9l n\u00e6r vel \u00fat fr\u00e1 s\u00e9r mi\u00f0a\u00f0 vi\u00f0 st\u00e6r\u00f0arflokk. Nett, me\u00f0f\u00e6rileg og l\u00e9tt v\u00e9l.<\/p>","protected":false},"featured_media":619,"template":"","meta":[],"product_cat":[21],"product_tag":[],"orkugjafi":[35],"class_list":{"0":"post-618","1":"product","2":"type-product","3":"status-publish","4":"has-post-thumbnail","6":"product_cat-spjotlyftur","7":"orkugjafi-diesel","9":"first","10":"instock","11":"shipping-taxable","12":"product-type-simple"},"_links":{"self":[{"href":"https:\/\/taeki.is\/en\/wp-json\/wp\/v2\/product\/618","targetHints":{"allow":["GET"]}}],"collection":[{"href":"https:\/\/taeki.is\/en\/wp-json\/wp\/v2\/product"}],"about":[{"href":"https:\/\/taeki.is\/en\/wp-json\/wp\/v2\/types\/product"}],"wp:featuredmedia":[{"embeddable":true,"href":"https:\/\/taeki.is\/en\/wp-json\/wp\/v2\/media\/619"}],"wp:attachment":[{"href":"https:\/\/taeki.is\/en\/wp-json\/wp\/v2\/media?parent=618"}],"wp:term":[{"taxonomy":"product_cat","embeddable":true,"href":"https:\/\/taeki.is\/en\/wp-json\/wp\/v2\/product_cat?post=618"},{"taxonomy":"product_tag","embeddable":true,"href":"https:\/\/taeki.is\/en\/wp-json\/wp\/v2\/product_tag?post=618"},{"taxonomy":"orkugjafi","embeddable":true,"href":"https:\/\/taeki.is\/en\/wp-json\/wp\/v2\/orkugjafi?post=618"}],"curies":[{"name":"wp","href":"https:\/\/api.w.org\/{rel}","templated":true}]}}