{"id":761,"date":"2024-01-24T10:47:58","date_gmt":"2024-01-24T10:47:58","guid":{"rendered":"https:\/\/taeki.pineapple.is\/?post_type=product&#038;p=761"},"modified":"2024-01-24T10:51:01","modified_gmt":"2024-01-24T10:51:01","slug":"jlg-660-sj-hc3","status":"publish","type":"product","link":"https:\/\/taeki.is\/en\/product\/jlg-660-sj-hc3\/","title":{"rendered":"JLG 660 SJ HC3"},"content":{"rendered":"<p>\u00deessi vel n\u00e6r s\u00e9rstaklega vel \u00fat fr\u00e1 s\u00e9r mi\u00f0a\u00f0 vi\u00f0 st\u00e6r\u00f0arflokk. \u00d6flug en nett og me\u00f0f\u00e6rileg. V\u00e9lin er me\u00f0 aukna bur\u00f0argetu og hentar \u00fev\u00ed s\u00e9rstaklega vel vi\u00f0 glerjun og anna\u00f0 sl\u00edkt sem aukab\u00fana\u00f0ur og jafnvel 3 starfsmenn \u00feurfa a\u00f0 komast fyrir.<\/p>","protected":false},"excerpt":{"rendered":"<p>\u00deessi vel n\u00e6r s\u00e9rstaklega vel \u00fat fr\u00e1 s\u00e9r mi\u00f0a\u00f0 vi\u00f0 st\u00e6r\u00f0arflokk. \u00d6flug en nett og me\u00f0f\u00e6rileg. V\u00e9lin er me\u00f0 aukna bur\u00f0argetu og hentar \u00fev\u00ed s\u00e9rstaklega vel vi\u00f0 glerjun og anna\u00f0 sl\u00edkt sem aukab\u00fana\u00f0ur og jafnvel 3 starfsmenn \u00feurfa a\u00f0 komast fyrir.<\/p>","protected":false},"featured_media":762,"template":"","meta":[],"product_cat":[21],"product_tag":[],"orkugjafi":[35],"class_list":{"0":"post-761","1":"product","2":"type-product","3":"status-publish","4":"has-post-thumbnail","6":"product_cat-spjotlyftur","7":"orkugjafi-diesel","9":"first","10":"instock","11":"shipping-taxable","12":"product-type-simple"},"_links":{"self":[{"href":"https:\/\/taeki.is\/en\/wp-json\/wp\/v2\/product\/761","targetHints":{"allow":["GET"]}}],"collection":[{"href":"https:\/\/taeki.is\/en\/wp-json\/wp\/v2\/product"}],"about":[{"href":"https:\/\/taeki.is\/en\/wp-json\/wp\/v2\/types\/product"}],"wp:featuredmedia":[{"embeddable":true,"href":"https:\/\/taeki.is\/en\/wp-json\/wp\/v2\/media\/762"}],"wp:attachment":[{"href":"https:\/\/taeki.is\/en\/wp-json\/wp\/v2\/media?parent=761"}],"wp:term":[{"taxonomy":"product_cat","embeddable":true,"href":"https:\/\/taeki.is\/en\/wp-json\/wp\/v2\/product_cat?post=761"},{"taxonomy":"product_tag","embeddable":true,"href":"https:\/\/taeki.is\/en\/wp-json\/wp\/v2\/product_tag?post=761"},{"taxonomy":"orkugjafi","embeddable":true,"href":"https:\/\/taeki.is\/en\/wp-json\/wp\/v2\/orkugjafi?post=761"}],"curies":[{"name":"wp","href":"https:\/\/api.w.org\/{rel}","templated":true}]}}