{"id":767,"date":"2024-01-24T10:55:13","date_gmt":"2024-01-24T10:55:13","guid":{"rendered":"https:\/\/taeki.pineapple.is\/?post_type=product&#038;p=767"},"modified":"2024-01-24T11:11:40","modified_gmt":"2024-01-24T11:11:40","slug":"jlg-1350-sjp","status":"publish","type":"product","link":"https:\/\/taeki.is\/en\/product\/jlg-1350-sjp\/","title":{"rendered":"JLG 1350 SJP"},"content":{"rendered":"<p>\u00deessi v\u00e9l n\u00e6r vel \u00fat fr\u00e1 s\u00e9r, hefur mikil bur\u00f0argeta og er b\u00e6\u00f0i st\u00f6\u00f0ug og \u00f6flug \u00ed mikilli vinnuh\u00e6\u00f0.<\/p>","protected":false},"excerpt":{"rendered":"<p>\u00deessi v\u00e9l n\u00e6r vel \u00fat fr\u00e1 s\u00e9r, hefur mikil bur\u00f0argeta og er b\u00e6\u00f0i st\u00f6\u00f0ug og \u00f6flug \u00ed mikilli vinnuh\u00e6\u00f0.<\/p>","protected":false},"featured_media":768,"template":"","meta":[],"product_cat":[21],"product_tag":[],"orkugjafi":[35],"class_list":{"0":"post-767","1":"product","2":"type-product","3":"status-publish","4":"has-post-thumbnail","6":"product_cat-spjotlyftur","7":"orkugjafi-diesel","9":"first","10":"instock","11":"shipping-taxable","12":"product-type-simple"},"_links":{"self":[{"href":"https:\/\/taeki.is\/en\/wp-json\/wp\/v2\/product\/767","targetHints":{"allow":["GET"]}}],"collection":[{"href":"https:\/\/taeki.is\/en\/wp-json\/wp\/v2\/product"}],"about":[{"href":"https:\/\/taeki.is\/en\/wp-json\/wp\/v2\/types\/product"}],"wp:featuredmedia":[{"embeddable":true,"href":"https:\/\/taeki.is\/en\/wp-json\/wp\/v2\/media\/768"}],"wp:attachment":[{"href":"https:\/\/taeki.is\/en\/wp-json\/wp\/v2\/media?parent=767"}],"wp:term":[{"taxonomy":"product_cat","embeddable":true,"href":"https:\/\/taeki.is\/en\/wp-json\/wp\/v2\/product_cat?post=767"},{"taxonomy":"product_tag","embeddable":true,"href":"https:\/\/taeki.is\/en\/wp-json\/wp\/v2\/product_tag?post=767"},{"taxonomy":"orkugjafi","embeddable":true,"href":"https:\/\/taeki.is\/en\/wp-json\/wp\/v2\/orkugjafi?post=767"}],"curies":[{"name":"wp","href":"https:\/\/api.w.org\/{rel}","templated":true}]}}