{"id":773,"date":"2024-01-24T11:13:32","date_gmt":"2024-01-24T11:13:32","guid":{"rendered":"https:\/\/taeki.pineapple.is\/?post_type=product&#038;p=773"},"modified":"2024-01-24T11:16:05","modified_gmt":"2024-01-24T11:16:05","slug":"genie-s125","status":"publish","type":"product","link":"https:\/\/taeki.is\/en\/product\/genie-s125\/","title":{"rendered":"GENIE S125"},"content":{"rendered":"<p>\u00deessi v\u00e9l n\u00e6r \u00feokkalega vel \u00fat fr\u00e1 s\u00e9r, hefur mikil bur\u00f0argeta og er b\u00e6\u00f0i st\u00f6\u00f0ug og \u00f6flug \u00ed mikilli vinnuh\u00e6\u00f0.<\/p>","protected":false},"excerpt":{"rendered":"<p>\u00deessi v\u00e9l n\u00e6r \u00feokkalega vel \u00fat fr\u00e1 s\u00e9r, hefur mikil bur\u00f0argeta og er b\u00e6\u00f0i st\u00f6\u00f0ug og \u00f6flug \u00ed mikilli vinnuh\u00e6\u00f0.<\/p>","protected":false},"featured_media":774,"template":"","meta":[],"product_cat":[21],"product_tag":[],"orkugjafi":[35],"class_list":{"0":"post-773","1":"product","2":"type-product","3":"status-publish","4":"has-post-thumbnail","6":"product_cat-spjotlyftur","7":"orkugjafi-diesel","9":"first","10":"instock","11":"shipping-taxable","12":"product-type-simple"},"_links":{"self":[{"href":"https:\/\/taeki.is\/en\/wp-json\/wp\/v2\/product\/773","targetHints":{"allow":["GET"]}}],"collection":[{"href":"https:\/\/taeki.is\/en\/wp-json\/wp\/v2\/product"}],"about":[{"href":"https:\/\/taeki.is\/en\/wp-json\/wp\/v2\/types\/product"}],"wp:featuredmedia":[{"embeddable":true,"href":"https:\/\/taeki.is\/en\/wp-json\/wp\/v2\/media\/774"}],"wp:attachment":[{"href":"https:\/\/taeki.is\/en\/wp-json\/wp\/v2\/media?parent=773"}],"wp:term":[{"taxonomy":"product_cat","embeddable":true,"href":"https:\/\/taeki.is\/en\/wp-json\/wp\/v2\/product_cat?post=773"},{"taxonomy":"product_tag","embeddable":true,"href":"https:\/\/taeki.is\/en\/wp-json\/wp\/v2\/product_tag?post=773"},{"taxonomy":"orkugjafi","embeddable":true,"href":"https:\/\/taeki.is\/en\/wp-json\/wp\/v2\/orkugjafi?post=773"}],"curies":[{"name":"wp","href":"https:\/\/api.w.org\/{rel}","templated":true}]}}