{"id":818,"date":"2024-01-24T12:30:35","date_gmt":"2024-01-24T12:30:35","guid":{"rendered":"https:\/\/taeki.pineapple.is\/?post_type=product&#038;p=818"},"modified":"2024-03-02T07:49:43","modified_gmt":"2024-03-02T07:49:43","slug":"jlg-4394-rt","status":"publish","type":"product","link":"https:\/\/taeki.is\/en\/product\/jlg-4394-rt\/","title":{"rendered":"JLG RT4394"},"content":{"rendered":"<p>\u00d6flug sk\u00e6ralyfta me\u00f0 miki\u00f0 vinnupl\u00e1ss og g\u00f3\u00f0a bur\u00f0argetu.<\/p>","protected":false},"excerpt":{"rendered":"<p>\u00d6flug sk\u00e6ralyfta me\u00f0 miki\u00f0 vinnupl\u00e1ss og g\u00f3\u00f0a bur\u00f0argetu.<\/p>","protected":false},"featured_media":819,"template":"","meta":[],"product_cat":[22],"product_tag":[],"orkugjafi":[35],"class_list":{"0":"post-818","1":"product","2":"type-product","3":"status-publish","4":"has-post-thumbnail","6":"product_cat-skaeralyftur","7":"orkugjafi-diesel","9":"first","10":"instock","11":"shipping-taxable","12":"product-type-simple"},"_links":{"self":[{"href":"https:\/\/taeki.is\/en\/wp-json\/wp\/v2\/product\/818","targetHints":{"allow":["GET"]}}],"collection":[{"href":"https:\/\/taeki.is\/en\/wp-json\/wp\/v2\/product"}],"about":[{"href":"https:\/\/taeki.is\/en\/wp-json\/wp\/v2\/types\/product"}],"wp:featuredmedia":[{"embeddable":true,"href":"https:\/\/taeki.is\/en\/wp-json\/wp\/v2\/media\/819"}],"wp:attachment":[{"href":"https:\/\/taeki.is\/en\/wp-json\/wp\/v2\/media?parent=818"}],"wp:term":[{"taxonomy":"product_cat","embeddable":true,"href":"https:\/\/taeki.is\/en\/wp-json\/wp\/v2\/product_cat?post=818"},{"taxonomy":"product_tag","embeddable":true,"href":"https:\/\/taeki.is\/en\/wp-json\/wp\/v2\/product_tag?post=818"},{"taxonomy":"orkugjafi","embeddable":true,"href":"https:\/\/taeki.is\/en\/wp-json\/wp\/v2\/orkugjafi?post=818"}],"curies":[{"name":"wp","href":"https:\/\/api.w.org\/{rel}","templated":true}]}}