{"id":853,"date":"2024-01-24T12:59:40","date_gmt":"2024-01-24T12:59:40","guid":{"rendered":"https:\/\/taeki.pineapple.is\/?post_type=product&#038;p=853"},"modified":"2024-01-24T13:01:07","modified_gmt":"2024-01-24T13:01:07","slug":"jlg-4069-le","status":"publish","type":"product","link":"https:\/\/taeki.is\/en\/product\/jlg-4069-le\/","title":{"rendered":"JLG 4069 LE"},"content":{"rendered":"<p>V\u00e9lin f\u00e6st b\u00e6\u00f0i 4&#215;2 og 4&#215;4 me\u00f0 og \u00e1n lappa til a\u00f0 r\u00e9tta af<\/p>","protected":false},"excerpt":{"rendered":"<p>V\u00e9lin f\u00e6st b\u00e6\u00f0i 4&#215;2 og 4&#215;4 me\u00f0 og \u00e1n lappa til a\u00f0 r\u00e9tta af<\/p>","protected":false},"featured_media":852,"template":"","meta":[],"product_cat":[22],"product_tag":[],"orkugjafi":[36],"class_list":{"0":"post-853","1":"product","2":"type-product","3":"status-publish","4":"has-post-thumbnail","6":"product_cat-skaeralyftur","7":"orkugjafi-rafmagn","9":"first","10":"instock","11":"shipping-taxable","12":"product-type-simple"},"_links":{"self":[{"href":"https:\/\/taeki.is\/en\/wp-json\/wp\/v2\/product\/853","targetHints":{"allow":["GET"]}}],"collection":[{"href":"https:\/\/taeki.is\/en\/wp-json\/wp\/v2\/product"}],"about":[{"href":"https:\/\/taeki.is\/en\/wp-json\/wp\/v2\/types\/product"}],"wp:featuredmedia":[{"embeddable":true,"href":"https:\/\/taeki.is\/en\/wp-json\/wp\/v2\/media\/852"}],"wp:attachment":[{"href":"https:\/\/taeki.is\/en\/wp-json\/wp\/v2\/media?parent=853"}],"wp:term":[{"taxonomy":"product_cat","embeddable":true,"href":"https:\/\/taeki.is\/en\/wp-json\/wp\/v2\/product_cat?post=853"},{"taxonomy":"product_tag","embeddable":true,"href":"https:\/\/taeki.is\/en\/wp-json\/wp\/v2\/product_tag?post=853"},{"taxonomy":"orkugjafi","embeddable":true,"href":"https:\/\/taeki.is\/en\/wp-json\/wp\/v2\/orkugjafi?post=853"}],"curies":[{"name":"wp","href":"https:\/\/api.w.org\/{rel}","templated":true}]}}