{"id":930,"date":"2024-01-25T16:05:55","date_gmt":"2024-01-25T16:05:55","guid":{"rendered":"https:\/\/taeki.pineapple.is\/?post_type=product&#038;p=930"},"modified":"2024-01-25T16:08:56","modified_gmt":"2024-01-25T16:08:56","slug":"komatsu-pc09-1","status":"publish","type":"product","link":"https:\/\/taeki.is\/en\/product\/komatsu-pc09-1\/","title":{"rendered":"Komatsu PC09-1"},"content":{"rendered":"<p>H\u00e6gt a\u00f0 f\u00e1 me\u00f0 fleyg<\/p>","protected":false},"excerpt":{"rendered":"<p>H\u00e6gt a\u00f0 f\u00e1 me\u00f0 fleyg<\/p>","protected":false},"featured_media":932,"template":"","meta":[],"product_cat":[29],"product_tag":[],"orkugjafi":[35],"class_list":{"0":"post-930","1":"product","2":"type-product","3":"status-publish","4":"has-post-thumbnail","6":"product_cat-smagrofur","7":"orkugjafi-diesel","9":"first","10":"instock","11":"shipping-taxable","12":"product-type-simple"},"_links":{"self":[{"href":"https:\/\/taeki.is\/en\/wp-json\/wp\/v2\/product\/930","targetHints":{"allow":["GET"]}}],"collection":[{"href":"https:\/\/taeki.is\/en\/wp-json\/wp\/v2\/product"}],"about":[{"href":"https:\/\/taeki.is\/en\/wp-json\/wp\/v2\/types\/product"}],"wp:featuredmedia":[{"embeddable":true,"href":"https:\/\/taeki.is\/en\/wp-json\/wp\/v2\/media\/932"}],"wp:attachment":[{"href":"https:\/\/taeki.is\/en\/wp-json\/wp\/v2\/media?parent=930"}],"wp:term":[{"taxonomy":"product_cat","embeddable":true,"href":"https:\/\/taeki.is\/en\/wp-json\/wp\/v2\/product_cat?post=930"},{"taxonomy":"product_tag","embeddable":true,"href":"https:\/\/taeki.is\/en\/wp-json\/wp\/v2\/product_tag?post=930"},{"taxonomy":"orkugjafi","embeddable":true,"href":"https:\/\/taeki.is\/en\/wp-json\/wp\/v2\/orkugjafi?post=930"}],"curies":[{"name":"wp","href":"https:\/\/api.w.org\/{rel}","templated":true}]}}